{"id":267,"date":"2022-01-18T22:23:40","date_gmt":"2022-01-18T22:23:40","guid":{"rendered":"https:\/\/pcconstrucoes.com\/?page_id=16"},"modified":"2026-02-09T17:38:23","modified_gmt":"2026-02-09T17:38:23","slug":"contacts","status":"publish","type":"page","link":"https:\/\/pcconstrucoes.com\/en\/contacts\/","title":{"rendered":"Contact"},"content":{"rendered":"<div data-elementor-type=\"wp-page\" data-elementor-id=\"267\" class=\"elementor elementor-267\">\n\t\t\t\t\t\t<section class=\"elementor-section elementor-top-section elementor-element elementor-element-a04ed4e elementor-section-stretched elementor-section-boxed elementor-section-height-default elementor-section-height-default\" data-id=\"a04ed4e\" data-element_type=\"section\" data-settings=\"{&quot;stretch_section&quot;:&quot;section-stretched&quot;,&quot;background_background&quot;:&quot;classic&quot;}\">\n\t\t\t\t\t\t\t<div class=\"elementor-background-overlay\"><\/div>\n\t\t\t\t\t\t\t<div class=\"elementor-container elementor-column-gap-wider\">\n\t\t\t\t\t<div class=\"elementor-column elementor-col-50 elementor-top-column elementor-element elementor-element-bbf4f11\" data-id=\"bbf4f11\" data-element_type=\"column\">\n\t\t\t<div class=\"elementor-widget-wrap elementor-element-populated\">\n\t\t\t\t\t\t<section class=\"elementor-section elementor-inner-section elementor-element elementor-element-5810ae7 elementor-section-boxed elementor-section-height-default elementor-section-height-default\" data-id=\"5810ae7\" data-element_type=\"section\">\n\t\t\t\t\t\t<div class=\"elementor-container elementor-column-gap-default\">\n\t\t\t\t\t<div class=\"elementor-column elementor-col-100 elementor-inner-column elementor-element elementor-element-86edb3e\" data-id=\"86edb3e\" data-element_type=\"column\">\n\t\t\t<div class=\"elementor-widget-wrap elementor-element-populated\">\n\t\t\t\t\t\t<div class=\"elementor-element elementor-element-e4fd327 elementor-widget elementor-widget-text-editor\" data-id=\"e4fd327\" data-element_type=\"widget\" data-widget_type=\"text-editor.default\">\n\t\t\t\t\t\t\t\t\t<h2><span style=\"color: #ffffff;\">Contact<\/span>\n\t\t\t\t\t\t\t\t<\/div>\n\t\t\t\t\t<\/div>\n\t\t<\/div>\n\t\t\t\t\t<\/div>\n\t\t<\/section>\n\t\t\t\t\t<\/div>\n\t\t<\/div>\n\t\t\t\t<div class=\"elementor-column elementor-col-50 elementor-top-column elementor-element elementor-element-eb0b2ee\" data-id=\"eb0b2ee\" data-element_type=\"column\">\n\t\t\t<div class=\"elementor-widget-wrap elementor-element-populated\">\n\t\t\t\t\t\t<section class=\"elementor-section elementor-inner-section elementor-element elementor-element-ad4492d elementor-section-boxed elementor-section-height-default elementor-section-height-default\" data-id=\"ad4492d\" data-element_type=\"section\">\n\t\t\t\t\t\t<div class=\"elementor-container elementor-column-gap-default\">\n\t\t\t\t\t<div class=\"elementor-column elementor-col-100 elementor-inner-column elementor-element elementor-element-896fe60\" data-id=\"896fe60\" data-element_type=\"column\">\n\t\t\t<div class=\"elementor-widget-wrap elementor-element-populated\">\n\t\t\t\t\t\t<div class=\"elementor-element elementor-element-6a6dcbb elementor-widget elementor-widget-text-editor\" data-id=\"6a6dcbb\" data-element_type=\"widget\" data-widget_type=\"text-editor.default\">\n\t\t\t\t\t\t\t\t\t<h5><a href=\"tel:+351967209775\"><span style=\"color: #f5f5f5;\">+ 351 967 209 775<\/span><\/a><\/h5>\n<h5><a href=\"mailto:geral@pcconstrucoes.com\"><span style=\"color: #f5f5f5;\">geral@pcconstrucoes.com<\/span><\/a><\/h5><br>\n<h5><span style=\"text-decoration: underline;\"><strong><span style=\"color: #f5f5f5; text-decoration: underline;\">For cleaning and maintenance:<\/span><\/strong><\/span><\/h5>\n<h5><a href=\"mailto:Limpezas@pcconstrucoes.com\"><span style=\"color: #f5f5f5;\">limpezas@pcconstrucoes.com<\/span><\/a><\/h5><br>\nCarlos Pina &amp; Adriana Costa, Lda<br>\n\nNIF: 517711915\t\t\t\t\t\t\t\t<\/div>\n\t\t\t\t<div class=\"elementor-element elementor-element-3bfa825 elementor-widget-divider--view-line elementor-widget elementor-widget-divider\" data-id=\"3bfa825\" data-element_type=\"widget\" data-widget_type=\"divider.default\">\n\t\t\t\t\t\t\t<div class=\"elementor-divider\">\n\t\t\t<span class=\"elementor-divider-separator\">\n\t\t\t\t\t\t<\/span>\n\t\t<\/div>\n\t\t\t\t\t\t<\/div>\n\t\t\t\t\t<\/div>\n\t\t<\/div>\n\t\t\t\t\t<\/div>\n\t\t<\/section>\n\t\t\t\t<section class=\"elementor-section elementor-inner-section elementor-element elementor-element-ee2419d elementor-section-boxed elementor-section-height-default elementor-section-height-default\" data-id=\"ee2419d\" data-element_type=\"section\">\n\t\t\t\t\t\t<div class=\"elementor-container elementor-column-gap-default\">\n\t\t\t\t\t<div class=\"elementor-column elementor-col-50 elementor-inner-column elementor-element elementor-element-1a0f456\" data-id=\"1a0f456\" data-element_type=\"column\">\n\t\t\t<div class=\"elementor-widget-wrap elementor-element-populated\">\n\t\t\t\t\t\t<div class=\"elementor-element elementor-element-ac21799 elementor-widget elementor-widget-text-editor\" data-id=\"ac21799\" data-element_type=\"widget\" data-widget_type=\"text-editor.default\">\n\t\t\t\t\t\t\t\t\t<p>S\u00edtio da Torrinha, Cx. Postal 515 W, 8400-423 Lagoa, Algarve<\/p>\t\t\t\t\t\t\t\t<\/div>\n\t\t\t\t\t<\/div>\n\t\t<\/div>\n\t\t\t\t<div class=\"elementor-column elementor-col-50 elementor-inner-column elementor-element elementor-element-012fe58\" data-id=\"012fe58\" data-element_type=\"column\">\n\t\t\t<div class=\"elementor-widget-wrap elementor-element-populated\">\n\t\t\t\t\t\t<div class=\"elementor-element elementor-element-325a94f elementor-tablet-align-center elementor-align-right elementor-widget elementor-widget-button\" data-id=\"325a94f\" data-element_type=\"widget\" data-widget_type=\"button.default\">\n\t\t\t\t\t\t\t\t\t\t<a class=\"elementor-button elementor-button-link elementor-size-sm\" href=\"https:\/\/maps.app.goo.gl\/zohHP7FeuCZgvozf9\" target=\"_blank\">\n\t\t\t\t\t\t<span class=\"elementor-button-content-wrapper\">\n\t\t\t\t\t\t<span class=\"elementor-button-icon\">\n\t\t\t\t<svg aria-hidden=\"true\" class=\"e-font-icon-svg e-far-map\" viewbox=\"0 0 576 512\" xmlns=\"http:\/\/www.w3.org\/2000\/svg\"><path d=\"M560.02 32c-1.96 0-3.98.37-5.96 1.16L384.01 96H384L212 35.28A64.252 64.252 0 0 0 191.76 32c-6.69 0-13.37 1.05-19.81 3.14L20.12 87.95A32.006 32.006 0 0 0 0 117.66v346.32C0 473.17 7.53 480 15.99 480c1.96 0 3.97-.37 5.96-1.16L192 416l172 60.71a63.98 63.98 0 0 0 40.05.15l151.83-52.81A31.996 31.996 0 0 0 576 394.34V48.02c0-9.19-7.53-16.02-15.98-16.02zM224 90.42l128 45.19v285.97l-128-45.19V90.42zM48 418.05V129.07l128-44.53v286.2l-.64.23L48 418.05zm480-35.13l-128 44.53V141.26l.64-.24L528 93.95v288.97z\"><\/path><\/svg>\t\t\t<\/span>\n\t\t\t\t\t\t\t\t\t<span class=\"elementor-button-text\">See map<\/span>\n\t\t\t\t\t<\/span>\n\t\t\t\t\t<\/a>\n\t\t\t\t\t\t\t\t<\/div>\n\t\t\t\t\t<\/div>\n\t\t<\/div>\n\t\t\t\t\t<\/div>\n\t\t<\/section>\n\t\t\t\t\t<\/div>\n\t\t<\/div>\n\t\t\t\t\t<\/div>\n\t\t<\/section>\n\t\t\t\t<section class=\"elementor-section elementor-top-section elementor-element elementor-element-0c4154e elementor-section-stretched elementor-section-boxed elementor-section-height-default elementor-section-height-default\" data-id=\"0c4154e\" data-element_type=\"section\" data-settings=\"{&quot;stretch_section&quot;:&quot;section-stretched&quot;,&quot;background_background&quot;:&quot;classic&quot;}\">\n\t\t\t\t\t\t<div class=\"elementor-container elementor-column-gap-wider\">\n\t\t\t\t\t<div class=\"elementor-column elementor-col-100 elementor-top-column elementor-element elementor-element-fdc32f2\" data-id=\"fdc32f2\" data-element_type=\"column\">\n\t\t\t<div class=\"elementor-widget-wrap elementor-element-populated\">\n\t\t\t\t\t\t<section class=\"elementor-section elementor-inner-section elementor-element elementor-element-c67119f elementor-section-boxed elementor-section-height-default elementor-section-height-default\" data-id=\"c67119f\" data-element_type=\"section\">\n\t\t\t\t\t\t<div class=\"elementor-container elementor-column-gap-default\">\n\t\t\t\t\t<div class=\"elementor-column elementor-col-50 elementor-inner-column elementor-element elementor-element-15341cb\" data-id=\"15341cb\" data-element_type=\"column\">\n\t\t\t<div class=\"elementor-widget-wrap elementor-element-populated\">\n\t\t\t\t\t\t<div class=\"elementor-element elementor-element-4a714d9 elementor-widget elementor-widget-text-editor\" data-id=\"4a714d9\" data-element_type=\"widget\" data-widget_type=\"text-editor.default\">\n\t\t\t\t\t\t\t\t\t<h2><span style=\"color: #f5f5f5;\">Any questions? <span style=\"color: #3ae3d2;\">Talk to us!<\/span><\/span><\/h2>\t\t\t\t\t\t\t\t<\/div>\n\t\t\t\t<div class=\"elementor-element elementor-element-3a68999 elementor-hidden-mobile elementor-widget elementor-widget-image\" data-id=\"3a68999\" data-element_type=\"widget\" data-widget_type=\"image.default\">\n\t\t\t\t\t\t\t\t\t\t\t\t\t\t\t<img decoding=\"async\" src=\"https:\/\/pcconstrucoes.com\/wp-content\/uploads\/2022\/02\/business5-home-envelope.svg\" title=\"\" alt=\"\" loading=\"lazy\" \/>\t\t\t\t\t\t\t\t\t\t\t\t\t\t\t<\/div>\n\t\t\t\t\t<\/div>\n\t\t<\/div>\n\t\t\t\t<div class=\"elementor-column elementor-col-50 elementor-inner-column elementor-element elementor-element-d259003\" data-id=\"d259003\" data-element_type=\"column\">\n\t\t\t<div class=\"elementor-widget-wrap elementor-element-populated\">\n\t\t\t\t\t\t<div class=\"elementor-element elementor-element-14c87c3 elementor-widget elementor-widget-shortcode\" data-id=\"14c87c3\" data-element_type=\"widget\" data-widget_type=\"shortcode.default\">\n\t\t\t\t\t\t\t<div class=\"elementor-shortcode\">\n<div class=\"wpcf7 no-js\" id=\"wpcf7-f140-o1\" lang=\"en-US\" dir=\"ltr\" data-wpcf7-id=\"140\">\n<div class=\"screen-reader-response\"><p role=\"status\" aria-live=\"polite\" aria-atomic=\"true\"><\/p> <ul><\/ul><\/div>\n<form action=\"\/en\/wp-json\/wp\/v2\/pages\/267#wpcf7-f140-o1\" method=\"post\" class=\"wpcf7-form init\" aria-label=\"Contact form\" novalidate=\"novalidate\" data-status=\"init\" data-trp-original-action=\"\/en\/wp-json\/wp\/v2\/pages\/267#wpcf7-f140-o1\">\n<fieldset class=\"hidden-fields-container\"><input type=\"hidden\" name=\"_wpcf7\" value=\"140\" \/><input type=\"hidden\" name=\"_wpcf7_version\" value=\"6.1.4\" \/><input type=\"hidden\" name=\"_wpcf7_locale\" value=\"en_US\" \/><input type=\"hidden\" name=\"_wpcf7_unit_tag\" value=\"wpcf7-f140-o1\" \/><input type=\"hidden\" name=\"_wpcf7_container_post\" value=\"0\" \/><input type=\"hidden\" name=\"_wpcf7_posted_data_hash\" value=\"\" \/><input type=\"hidden\" name=\"_wpcf7_recaptcha_response\" value=\"\" \/>\n<\/fieldset>\n<div class=\"column one\">\n\t<p><span class=\"wpcf7-form-control-wrap\" data-name=\"your-name\"><input size=\"40\" maxlength=\"400\" class=\"wpcf7-form-control wpcf7-text wpcf7-validates-as-required\" aria-required=\"true\" aria-invalid=\"false\" placeholder=\"Name\" value=\"\" type=\"text\" name=\"your-name\" \/><\/span>\n\t<\/p>\n<\/div>\n<div class=\"column one\">\n\t<p><span class=\"wpcf7-form-control-wrap intl_tel-165\"><input class=\"wpcf7-form-control wpcf7-intl_tel wpcf7-intl-tel\" aria-invalid=\"false\" data-initialcountry=\"pt\" value=\"\" type=\"tel\" name=\"intl_tel-165-cf7it-national\" \/><input name=\"intl_tel-165\" type=\"hidden\" class=\"wpcf7-intl-tel-full\" \/><input type=\"hidden\" name=\"intl_tel-165-cf7it-country-name\" class=\"wpcf7-intl-tel-country-name\" \/><input type=\"hidden\" name=\"intl_tel-165-cf7it-country-code\" class=\"wpcf7-intl-tel-country-code\" \/><input type=\"hidden\" name=\"intl_tel-165-cf7it-country-iso2\" class=\"wpcf7-intl-tel-country-iso2\" \/><\/span>\n\t<\/p>\n<\/div>\n<div class=\"column one\">\n\t<p><span class=\"wpcf7-form-control-wrap\" data-name=\"your-email\"><input size=\"40\" maxlength=\"400\" class=\"wpcf7-form-control wpcf7-email wpcf7-validates-as-required wpcf7-text wpcf7-validates-as-email\" aria-required=\"true\" aria-invalid=\"false\" placeholder=\"Email\" value=\"\" type=\"email\" name=\"your-email\" \/><\/span>\n\t<\/p>\n<\/div>\n<div class=\"column one\">\n\t<p><span class=\"wpcf7-form-control-wrap\" data-name=\"your-message\"><textarea cols=\"40\" rows=\"6\" maxlength=\"2000\" class=\"wpcf7-form-control wpcf7-textarea\" aria-invalid=\"false\" placeholder=\"Message\" name=\"your-message\"><\/textarea><\/span>\n\t<\/p>\n<\/div>\n<div class=\"column one-second mobile-one\">\n\t<p><input class=\"wpcf7-form-control wpcf7-submit has-spinner button_full_width\" type=\"submit\" value=\"Send\" \/>\n\t<\/p>\n<\/div>\n<div class=\"column one-second mobile-one\">\n\t<p><span class=\"wpcf7-form-control-wrap\" data-name=\"Acceptance\"><span class=\"wpcf7-form-control wpcf7-acceptance\"><span class=\"wpcf7-list-item\"><label><input type=\"checkbox\" name=\"Acceptance\" value=\"1\" aria-invalid=\"false\" \/><span class=\"wpcf7-list-item-label\"><span style=\"font-size:14px; color: #878DE8; font-weight:300;\">I have read and agree to the Privacy Policy.<\/span><\/span><\/label><\/span><\/span><\/span>\n\t<\/p>\n<\/div><div class=\"wpcf7-response-output\" aria-hidden=\"true\"><\/div>\n<input type=\"hidden\" name=\"trp-form-language\" value=\"en\"\/><\/form>\n<\/div>\n<\/div>\n\t\t\t\t\t\t<\/div>\n\t\t\t\t\t<\/div>\n\t\t<\/div>\n\t\t\t\t\t<\/div>\n\t\t<\/section>\n\t\t\t\t\t<\/div>\n\t\t<\/div>\n\t\t\t\t\t<\/div>\n\t\t<\/section>\n\t\t\t\t<\/div>","protected":false},"excerpt":{"rendered":"<p>Contactos + 351 967 209 775 geral@pcconstrucoes.com Para Limpezas e Manuten\u00e7\u00f5es: limpezas@pcconstrucoes.com Carlos Pina &amp; Adriana Costa, Lda NIF: 517711915 S\u00edtio da Torrinha, Cx. Postal 515<span class=\"excerpt-hellip\"> [\u2026]<\/span><\/p>","protected":false},"author":1,"featured_media":0,"parent":0,"menu_order":0,"comment_status":"open","ping_status":"closed","template":"","meta":{"footnotes":""},"class_list":["post-267","page","type-page","status-publish","hentry"],"yoast_head":"<!-- This site is optimized with the Yoast SEO plugin v26.8 - https:\/\/yoast.com\/product\/yoast-seo-wordpress\/ -->\n<title>Contactos - PC Constru\u00e7\u00f5es<\/title>\n<meta name=\"description\" content=\"Na PC Constru\u00e7\u00f5es, dedicamo-nos a oferecer solu\u00e7\u00f5es completas nas \u00e1reas de remodela\u00e7\u00e3o, constru\u00e7\u00e3o e manuten\u00e7\u00e3o, com foco na qualidade, transpar\u00eancia e cumprimento rigoroso de prazos. Atuando na regi\u00e3o do Algarve, trabalhamos diariamente para transformar espa\u00e7os, valorizar patrim\u00f3nios e garantir a tranquilidade de quem confia em n\u00f3s \u2014 sejam propriet\u00e1rios particulares, investidores ou administradores de condom\u00ednio.\" \/>\n<meta name=\"robots\" content=\"index, follow, max-snippet:-1, max-image-preview:large, max-video-preview:-1\" \/>\n<link rel=\"canonical\" href=\"https:\/\/pcconstrucoes.com\/en\/contacts\/\" \/>\n<meta property=\"og:locale\" content=\"en_GB\" \/>\n<meta property=\"og:type\" content=\"article\" \/>\n<meta property=\"og:title\" content=\"Contactos - PC Constru\u00e7\u00f5es\" \/>\n<meta property=\"og:description\" content=\"Na PC Constru\u00e7\u00f5es, dedicamo-nos a oferecer solu\u00e7\u00f5es completas nas \u00e1reas de remodela\u00e7\u00e3o, constru\u00e7\u00e3o e manuten\u00e7\u00e3o, com foco na qualidade, transpar\u00eancia e cumprimento rigoroso de prazos. Atuando na regi\u00e3o do Algarve, trabalhamos diariamente para transformar espa\u00e7os, valorizar patrim\u00f3nios e garantir a tranquilidade de quem confia em n\u00f3s \u2014 sejam propriet\u00e1rios particulares, investidores ou administradores de condom\u00ednio.\" \/>\n<meta property=\"og:url\" content=\"https:\/\/pcconstrucoes.com\/en\/contacts\/\" \/>\n<meta property=\"og:site_name\" content=\"PC Constru\u00e7\u00f5es\" \/>\n<meta property=\"article:modified_time\" content=\"2026-02-09T17:38:23+00:00\" \/>\n<meta property=\"og:image\" content=\"https:\/\/pcconstrucoes.com\/wp-content\/uploads\/2022\/02\/business5-home-envelope.svg\" \/>\n<meta name=\"twitter:card\" content=\"summary_large_image\" \/>\n<meta name=\"twitter:label1\" content=\"Estimated reading time\" \/>\n\t<meta name=\"twitter:data1\" content=\"1 minute\" \/>\n<script type=\"application\/ld+json\" class=\"yoast-schema-graph\">{\"@context\":\"https:\/\/schema.org\",\"@graph\":[{\"@type\":\"WebPage\",\"@id\":\"https:\/\/pcconstrucoes.com\/contactos\/\",\"url\":\"https:\/\/pcconstrucoes.com\/contactos\/\",\"name\":\"Contactos - PC Constru\u00e7\u00f5es\",\"isPartOf\":{\"@id\":\"https:\/\/pcconstrucoes.com\/#website\"},\"primaryImageOfPage\":{\"@id\":\"https:\/\/pcconstrucoes.com\/contactos\/#primaryimage\"},\"image\":{\"@id\":\"https:\/\/pcconstrucoes.com\/contactos\/#primaryimage\"},\"thumbnailUrl\":\"https:\/\/pcconstrucoes.com\/wp-content\/uploads\/2022\/02\/business5-home-envelope.svg\",\"datePublished\":\"2022-01-18T22:23:40+00:00\",\"dateModified\":\"2026-02-09T17:38:23+00:00\",\"description\":\"Na PC Constru\u00e7\u00f5es, dedicamo-nos a oferecer solu\u00e7\u00f5es completas nas \u00e1reas de remodela\u00e7\u00e3o, constru\u00e7\u00e3o e manuten\u00e7\u00e3o, com foco na qualidade, transpar\u00eancia e cumprimento rigoroso de prazos. Atuando na regi\u00e3o do Algarve, trabalhamos diariamente para transformar espa\u00e7os, valorizar patrim\u00f3nios e garantir a tranquilidade de quem confia em n\u00f3s \u2014 sejam propriet\u00e1rios particulares, investidores ou administradores de condom\u00ednio.\",\"breadcrumb\":{\"@id\":\"https:\/\/pcconstrucoes.com\/contactos\/#breadcrumb\"},\"inLanguage\":\"en-GB\",\"potentialAction\":[{\"@type\":\"ReadAction\",\"target\":[\"https:\/\/pcconstrucoes.com\/contactos\/\"]}]},{\"@type\":\"ImageObject\",\"inLanguage\":\"en-GB\",\"@id\":\"https:\/\/pcconstrucoes.com\/contactos\/#primaryimage\",\"url\":\"https:\/\/pcconstrucoes.com\/wp-content\/uploads\/2022\/02\/business5-home-envelope.svg\",\"contentUrl\":\"https:\/\/pcconstrucoes.com\/wp-content\/uploads\/2022\/02\/business5-home-envelope.svg\"},{\"@type\":\"BreadcrumbList\",\"@id\":\"https:\/\/pcconstrucoes.com\/contactos\/#breadcrumb\",\"itemListElement\":[{\"@type\":\"ListItem\",\"position\":1,\"name\":\"In\u00edcio\",\"item\":\"https:\/\/pcconstrucoes.com\/\"},{\"@type\":\"ListItem\",\"position\":2,\"name\":\"Contactos\"}]},{\"@type\":\"WebSite\",\"@id\":\"https:\/\/pcconstrucoes.com\/#website\",\"url\":\"https:\/\/pcconstrucoes.com\/\",\"name\":\"PC Constru\u00e7\u00f5es\",\"description\":\"\",\"publisher\":{\"@id\":\"https:\/\/pcconstrucoes.com\/#organization\"},\"potentialAction\":[{\"@type\":\"SearchAction\",\"target\":{\"@type\":\"EntryPoint\",\"urlTemplate\":\"https:\/\/pcconstrucoes.com\/?s={search_term_string}\"},\"query-input\":{\"@type\":\"PropertyValueSpecification\",\"valueRequired\":true,\"valueName\":\"search_term_string\"}}],\"inLanguage\":\"en-GB\"},{\"@type\":\"Organization\",\"@id\":\"https:\/\/pcconstrucoes.com\/#organization\",\"name\":\"PC Constru\u00e7\u00f5es\",\"url\":\"https:\/\/pcconstrucoes.com\/\",\"logo\":{\"@type\":\"ImageObject\",\"inLanguage\":\"en-GB\",\"@id\":\"https:\/\/pcconstrucoes.com\/#\/schema\/logo\/image\/\",\"url\":\"https:\/\/pcconstrucoes.com\/wp-content\/uploads\/2026\/01\/pcconstrucoes-logo.png\",\"contentUrl\":\"https:\/\/pcconstrucoes.com\/wp-content\/uploads\/2026\/01\/pcconstrucoes-logo.png\",\"width\":1080,\"height\":1080,\"caption\":\"PC Constru\u00e7\u00f5es\"},\"image\":{\"@id\":\"https:\/\/pcconstrucoes.com\/#\/schema\/logo\/image\/\"}}]}<\/script>\n<!-- \/ Yoast SEO plugin. -->","yoast_head_json":{"title":"Contacts - PC Constru\u00e7\u00f5es","description":"At PC Constru\u00e7\u00f5es, we are dedicated to offering complete solutions in the areas of remodelling, construction and maintenance, with a focus on quality, transparency and strict compliance with deadlines. Operating in the Algarve region, we work daily to transform spaces, enhance assets and guarantee peace of mind for those who trust us - whether they are private homeowners, investors or condominium managers.","robots":{"index":"index","follow":"follow","max-snippet":"max-snippet:-1","max-image-preview":"max-image-preview:large","max-video-preview":"max-video-preview:-1"},"canonical":"https:\/\/pcconstrucoes.com\/en\/contacts\/","og_locale":"en_GB","og_type":"article","og_title":"Contactos - PC Constru\u00e7\u00f5es","og_description":"Na PC Constru\u00e7\u00f5es, dedicamo-nos a oferecer solu\u00e7\u00f5es completas nas \u00e1reas de remodela\u00e7\u00e3o, constru\u00e7\u00e3o e manuten\u00e7\u00e3o, com foco na qualidade, transpar\u00eancia e cumprimento rigoroso de prazos. Atuando na regi\u00e3o do Algarve, trabalhamos diariamente para transformar espa\u00e7os, valorizar patrim\u00f3nios e garantir a tranquilidade de quem confia em n\u00f3s \u2014 sejam propriet\u00e1rios particulares, investidores ou administradores de condom\u00ednio.","og_url":"https:\/\/pcconstrucoes.com\/en\/contacts\/","og_site_name":"PC Constru\u00e7\u00f5es","article_modified_time":"2026-02-09T17:38:23+00:00","og_image":[{"url":"https:\/\/pcconstrucoes.com\/wp-content\/uploads\/2022\/02\/business5-home-envelope.svg","type":"","width":"","height":""}],"twitter_card":"summary_large_image","twitter_misc":{"Estimated reading time":"1 minute"},"schema":{"@context":"https:\/\/schema.org","@graph":[{"@type":"WebPage","@id":"https:\/\/pcconstrucoes.com\/contactos\/","url":"https:\/\/pcconstrucoes.com\/contactos\/","name":"Contacts - PC Constru\u00e7\u00f5es","isPartOf":{"@id":"https:\/\/pcconstrucoes.com\/#website"},"primaryImageOfPage":{"@id":"https:\/\/pcconstrucoes.com\/contactos\/#primaryimage"},"image":{"@id":"https:\/\/pcconstrucoes.com\/contactos\/#primaryimage"},"thumbnailUrl":"https:\/\/pcconstrucoes.com\/wp-content\/uploads\/2022\/02\/business5-home-envelope.svg","datePublished":"2022-01-18T22:23:40+00:00","dateModified":"2026-02-09T17:38:23+00:00","description":"At PC Constru\u00e7\u00f5es, we are dedicated to offering complete solutions in the areas of remodelling, construction and maintenance, with a focus on quality, transparency and strict compliance with deadlines. Operating in the Algarve region, we work daily to transform spaces, enhance assets and guarantee peace of mind for those who trust us - whether they are private homeowners, investors or condominium managers.","breadcrumb":{"@id":"https:\/\/pcconstrucoes.com\/contactos\/#breadcrumb"},"inLanguage":"en-GB","potentialAction":[{"@type":"ReadAction","target":["https:\/\/pcconstrucoes.com\/contactos\/"]}]},{"@type":"ImageObject","inLanguage":"en-GB","@id":"https:\/\/pcconstrucoes.com\/contactos\/#primaryimage","url":"https:\/\/pcconstrucoes.com\/wp-content\/uploads\/2022\/02\/business5-home-envelope.svg","contentUrl":"https:\/\/pcconstrucoes.com\/wp-content\/uploads\/2022\/02\/business5-home-envelope.svg"},{"@type":"BreadcrumbList","@id":"https:\/\/pcconstrucoes.com\/contactos\/#breadcrumb","itemListElement":[{"@type":"ListItem","position":1,"name":"In\u00edcio","item":"https:\/\/pcconstrucoes.com\/"},{"@type":"ListItem","position":2,"name":"Contactos"}]},{"@type":"WebSite","@id":"https:\/\/pcconstrucoes.com\/#website","url":"https:\/\/pcconstrucoes.com\/","name":"PC Construction","description":"","publisher":{"@id":"https:\/\/pcconstrucoes.com\/#organization"},"potentialAction":[{"@type":"SearchAction","target":{"@type":"EntryPoint","urlTemplate":"https:\/\/pcconstrucoes.com\/?s={search_term_string}"},"query-input":{"@type":"PropertyValueSpecification","valueRequired":true,"valueName":"search_term_string"}}],"inLanguage":"en-GB"},{"@type":"Organization","@id":"https:\/\/pcconstrucoes.com\/#organization","name":"PC Construction","url":"https:\/\/pcconstrucoes.com\/","logo":{"@type":"ImageObject","inLanguage":"en-GB","@id":"https:\/\/pcconstrucoes.com\/#\/schema\/logo\/image\/","url":"https:\/\/pcconstrucoes.com\/wp-content\/uploads\/2026\/01\/pcconstrucoes-logo.png","contentUrl":"https:\/\/pcconstrucoes.com\/wp-content\/uploads\/2026\/01\/pcconstrucoes-logo.png","width":1080,"height":1080,"caption":"PC Constru\u00e7\u00f5es"},"image":{"@id":"https:\/\/pcconstrucoes.com\/#\/schema\/logo\/image\/"}}]}},"_links":{"self":[{"href":"https:\/\/pcconstrucoes.com\/en\/wp-json\/wp\/v2\/pages\/267","targetHints":{"allow":["GET"]}}],"collection":[{"href":"https:\/\/pcconstrucoes.com\/en\/wp-json\/wp\/v2\/pages"}],"about":[{"href":"https:\/\/pcconstrucoes.com\/en\/wp-json\/wp\/v2\/types\/page"}],"author":[{"embeddable":true,"href":"https:\/\/pcconstrucoes.com\/en\/wp-json\/wp\/v2\/users\/1"}],"replies":[{"embeddable":true,"href":"https:\/\/pcconstrucoes.com\/en\/wp-json\/wp\/v2\/comments?post=267"}],"version-history":[{"count":46,"href":"https:\/\/pcconstrucoes.com\/en\/wp-json\/wp\/v2\/pages\/267\/revisions"}],"predecessor-version":[{"id":1005,"href":"https:\/\/pcconstrucoes.com\/en\/wp-json\/wp\/v2\/pages\/267\/revisions\/1005"}],"wp:attachment":[{"href":"https:\/\/pcconstrucoes.com\/en\/wp-json\/wp\/v2\/media?parent=267"}],"curies":[{"name":"wp","href":"https:\/\/api.w.org\/{rel}","templated":true}]}}