{"id":14,"date":"2022-01-18T22:23:30","date_gmt":"2022-01-18T22:23:30","guid":{"rendered":"https:\/\/pcconstrucoes.com\/?page_id=14"},"modified":"2026-01-28T15:01:52","modified_gmt":"2026-01-28T15:01:52","slug":"blog","status":"publish","type":"page","link":"https:\/\/pcconstrucoes.com\/en\/blog\/","title":{"rendered":"Blog"},"content":{"rendered":"<div data-elementor-type=\"wp-page\" data-elementor-id=\"14\" class=\"elementor elementor-14\">\n\t\t\t\t\t\t<section class=\"elementor-section elementor-top-section elementor-element elementor-element-64703bbd elementor-section-stretched elementor-section-boxed elementor-section-height-default elementor-section-height-default\" data-id=\"64703bbd\" data-element_type=\"section\" data-settings=\"{&quot;stretch_section&quot;:&quot;section-stretched&quot;,&quot;background_background&quot;:&quot;classic&quot;}\">\n\t\t\t\t\t\t\t<div class=\"elementor-background-overlay\"><\/div>\n\t\t\t\t\t\t\t<div class=\"elementor-container elementor-column-gap-wider\">\n\t\t\t\t\t<div class=\"elementor-column elementor-col-100 elementor-top-column elementor-element elementor-element-398b4ddd\" data-id=\"398b4ddd\" data-element_type=\"column\">\n\t\t\t<div class=\"elementor-widget-wrap elementor-element-populated\">\n\t\t\t\t\t\t<section class=\"elementor-section elementor-inner-section elementor-element elementor-element-7e42d65c elementor-section-boxed elementor-section-height-default elementor-section-height-default\" data-id=\"7e42d65c\" data-element_type=\"section\">\n\t\t\t\t\t\t<div class=\"elementor-container elementor-column-gap-default\">\n\t\t\t\t\t<div class=\"elementor-column elementor-col-100 elementor-inner-column elementor-element elementor-element-f2f28b1\" data-id=\"f2f28b1\" data-element_type=\"column\">\n\t\t\t<div class=\"elementor-widget-wrap elementor-element-populated\">\n\t\t\t\t\t\t<div class=\"elementor-element elementor-element-2bf7d3b0 titlewhite elementor-widget elementor-widget-text-editor\" data-id=\"2bf7d3b0\" data-element_type=\"widget\" data-widget_type=\"text-editor.default\">\n\t\t\t\t\t\t\t\t\t<h2><sup>Blog<\/sup><\/h2>\t\t\t\t\t\t\t\t<\/div>\n\t\t\t\t\t<\/div>\n\t\t<\/div>\n\t\t\t\t\t<\/div>\n\t\t<\/section>\n\t\t\t\t\t<\/div>\n\t\t<\/div>\n\t\t\t\t\t<\/div>\n\t\t<\/section>\n\t\t\t\t<section class=\"elementor-section elementor-top-section elementor-element elementor-element-a2488f5 elementor-section-stretched elementor-section-boxed elementor-section-height-default elementor-section-height-default\" data-id=\"a2488f5\" data-element_type=\"section\" data-settings=\"{&quot;stretch_section&quot;:&quot;section-stretched&quot;}\">\n\t\t\t\t\t\t<div class=\"elementor-container elementor-column-gap-wider\">\n\t\t\t\t\t<div class=\"elementor-column elementor-col-100 elementor-top-column elementor-element elementor-element-4611f98\" data-id=\"4611f98\" data-element_type=\"column\">\n\t\t\t<div class=\"elementor-widget-wrap elementor-element-populated\">\n\t\t\t\t\t\t<div class=\"elementor-element elementor-element-10a39a7 elementor-widget elementor-widget-mfn_blog\" data-id=\"10a39a7\" data-element_type=\"widget\" data-widget_type=\"mfn_blog.default\">\n\t\t\t\t<div class=\"elementor-widget-container\">\n\t\t\t\t\t<div class=\"column_filters\"><div class=\"blog_wrapper isotope_wrapper clearfix\"><div class=\"posts_group lm_wrapper element_classes col-3 grid hide-more\"><article class=\"post post-item isotope-item clearfix category-1 post-983 type-post status-publish format-standard has-post-thumbnail hentry category-blog\" style=\"\"><div class=\"date_label\">February 6, 2026<\/div><div class=\"image_frame post-photo-wrapper scale-with-grid image\"><div class=\"image_wrapper\"><a href=\"https:\/\/pcconstrucoes.com\/en\/swimming-pool-construction-and-maintenance_blog\/\"><div class=\"mask\"><\/div><img fetchpriority=\"high\" decoding=\"async\" width=\"960\" height=\"780\" src=\"https:\/\/pcconstrucoes.com\/wp-content\/uploads\/2026\/02\/pool-article-960x780.jpg\" class=\"scale-with-grid wp-post-image\" alt=\"\" \/><\/a><div class=\"image_links double\"><a class=\"zoom\"  rel=\"prettyphoto\" href=\"https:\/\/pcconstrucoes.com\/wp-content\/uploads\/2026\/02\/pool-article-1200x800.jpg\"><svg viewbox=\"0 0 26 26\"><defs><style>.path{fill:none;stroke:#333;stroke-miterlimit:10;stroke-width:1.5px;}<\/style><\/defs><circle cx=\"11.35\" cy=\"11.35\" r=\"6\" class=\"path\"><\/circle><line x1=\"15.59\" y1=\"15.59\" x2=\"20.65\" y2=\"20.65\" class=\"path\"><\/line><\/svg><\/a><a class=\"link\"  href=\"https:\/\/pcconstrucoes.com\/en\/swimming-pool-construction-and-maintenance_blog\/\"><svg viewbox=\"0 0 26 26\"><defs><style>.path{fill:none;stroke:#333;stroke-miterlimit:10;stroke-width:1.5px;}<\/style><\/defs><g><path d=\"M10.17,8.76l2.12-2.12a5,5,0,0,1,7.07,0h0a5,5,0,0,1,0,7.07l-2.12,2.12\" class=\"path\"><\/path><path d=\"M15.83,17.24l-2.12,2.12a5,5,0,0,1-7.07,0h0a5,5,0,0,1,0-7.07l2.12-2.12\" class=\"path\"><\/path><line x1=\"10.17\" y1=\"15.83\" x2=\"15.83\" y2=\"10.17\" class=\"path\"><\/line><\/g><\/svg><\/a><\/div><\/div><\/div><div class=\"post-desc-wrapper bg- has-custom-bg\" style=\"\"><div class=\"post-desc\"><div class=\"post-head\"><div class=\"post-meta clearfix\"><div class=\"author-date\"><span class=\"vcard author post-author\"><span class=\"label\">Published by <\/span><i class=\"icon-user\" aria-label=\"author\"><\/i> <span class=\"fn\"><a href=\"https:\/\/pcconstrucoes.com\/en\/author\/admin_gh0edik2\/\">admin<\/a><\/span><\/span> <span class=\"date\"><span class=\"label\">on <\/span><i class=\"icon-clock\"><\/i> <span class=\"post-date updated\">February 6, 2026<\/span><\/span><\/div><div class=\"category\"><span class=\"cat-btn\">Categories <i class=\"icon-down-dir\" aria-hidden=\"true\"><\/i><\/span><div class=\"cat-wrapper\"><ul class=\"post-categories\">\n\t<li><a href=\"https:\/\/pcconstrucoes.com\/en\/category\/blog\/\" rel=\"category tag\">Blog<\/a><\/li><\/ul><\/div><\/div><\/div><\/div><div class=\"post-title\"><h5 class=\"entry-title\" itemprop=\"headline\"><a href=\"https:\/\/pcconstrucoes.com\/en\/swimming-pool-construction-and-maintenance_blog\/\">Swimming pool construction and maintenance<\/a><\/h5><\/div><\/div><\/div><\/article><article class=\"post post-item isotope-item clearfix category-1 post-577 type-post status-publish format-standard has-post-thumbnail hentry category-blog\" style=\"\"><div class=\"date_label\">January 22, 2026<\/div><div class=\"image_frame post-photo-wrapper scale-with-grid image\"><div class=\"image_wrapper\"><a href=\"https:\/\/pcconstrucoes.com\/en\/the-importance-of-thermal-and-acoustic-insulation\/\"><div class=\"mask\"><\/div><img decoding=\"async\" width=\"960\" height=\"780\" src=\"https:\/\/pcconstrucoes.com\/wp-content\/uploads\/2026\/01\/blog_3-960x780.jpg\" class=\"scale-with-grid wp-post-image\" alt=\"\" \/><\/a><div class=\"image_links double\"><a class=\"zoom\"  rel=\"prettyphoto\" href=\"https:\/\/pcconstrucoes.com\/wp-content\/uploads\/2026\/01\/blog_3-1200x800.jpg\"><svg viewbox=\"0 0 26 26\"><defs><style>.path{fill:none;stroke:#333;stroke-miterlimit:10;stroke-width:1.5px;}<\/style><\/defs><circle cx=\"11.35\" cy=\"11.35\" r=\"6\" class=\"path\"><\/circle><line x1=\"15.59\" y1=\"15.59\" x2=\"20.65\" y2=\"20.65\" class=\"path\"><\/line><\/svg><\/a><a class=\"link\"  href=\"https:\/\/pcconstrucoes.com\/en\/the-importance-of-thermal-and-acoustic-insulation\/\"><svg viewbox=\"0 0 26 26\"><defs><style>.path{fill:none;stroke:#333;stroke-miterlimit:10;stroke-width:1.5px;}<\/style><\/defs><g><path d=\"M10.17,8.76l2.12-2.12a5,5,0,0,1,7.07,0h0a5,5,0,0,1,0,7.07l-2.12,2.12\" class=\"path\"><\/path><path d=\"M15.83,17.24l-2.12,2.12a5,5,0,0,1-7.07,0h0a5,5,0,0,1,0-7.07l2.12-2.12\" class=\"path\"><\/path><line x1=\"10.17\" y1=\"15.83\" x2=\"15.83\" y2=\"10.17\" class=\"path\"><\/line><\/g><\/svg><\/a><\/div><\/div><\/div><div class=\"post-desc-wrapper bg- has-custom-bg\" style=\"\"><div class=\"post-desc\"><div class=\"post-head\"><div class=\"post-meta clearfix\"><div class=\"author-date\"><span class=\"vcard author post-author\"><span class=\"label\">Published by <\/span><i class=\"icon-user\" aria-label=\"author\"><\/i> <span class=\"fn\"><a href=\"https:\/\/pcconstrucoes.com\/en\/author\/admin_gh0edik2\/\">admin<\/a><\/span><\/span> <span class=\"date\"><span class=\"label\">on <\/span><i class=\"icon-clock\"><\/i> <span class=\"post-date updated\">January 22, 2026<\/span><\/span><\/div><div class=\"category\"><span class=\"cat-btn\">Categories <i class=\"icon-down-dir\" aria-hidden=\"true\"><\/i><\/span><div class=\"cat-wrapper\"><ul class=\"post-categories\">\n\t<li><a href=\"https:\/\/pcconstrucoes.com\/en\/category\/blog\/\" rel=\"category tag\">Blog<\/a><\/li><\/ul><\/div><\/div><\/div><\/div><div class=\"post-title\"><h5 class=\"entry-title\" itemprop=\"headline\"><a href=\"https:\/\/pcconstrucoes.com\/en\/the-importance-of-thermal-and-acoustic-insulation\/\">The Importance of Thermal and Acoustic Insulation<\/a><\/h5><\/div><\/div><\/div><\/article><article class=\"post post-item isotope-item clearfix category-1 post-564 type-post status-publish format-standard has-post-thumbnail hentry category-blog\" style=\"\"><div class=\"date_label\">January 22, 2026<\/div><div class=\"image_frame post-photo-wrapper scale-with-grid image\"><div class=\"image_wrapper\"><a href=\"https:\/\/pcconstrucoes.com\/en\/when-its-worth-remodelling-a-house\/\"><div class=\"mask\"><\/div><img decoding=\"async\" width=\"960\" height=\"780\" src=\"https:\/\/pcconstrucoes.com\/wp-content\/uploads\/2026\/01\/blog_2-960x780.jpg\" class=\"scale-with-grid wp-post-image\" alt=\"\" \/><\/a><div class=\"image_links double\"><a class=\"zoom\"  rel=\"prettyphoto\" href=\"https:\/\/pcconstrucoes.com\/wp-content\/uploads\/2026\/01\/blog_2-1200x800.jpg\"><svg viewbox=\"0 0 26 26\"><defs><style>.path{fill:none;stroke:#333;stroke-miterlimit:10;stroke-width:1.5px;}<\/style><\/defs><circle cx=\"11.35\" cy=\"11.35\" r=\"6\" class=\"path\"><\/circle><line x1=\"15.59\" y1=\"15.59\" x2=\"20.65\" y2=\"20.65\" class=\"path\"><\/line><\/svg><\/a><a class=\"link\"  href=\"https:\/\/pcconstrucoes.com\/en\/when-its-worth-remodelling-a-house\/\"><svg viewbox=\"0 0 26 26\"><defs><style>.path{fill:none;stroke:#333;stroke-miterlimit:10;stroke-width:1.5px;}<\/style><\/defs><g><path d=\"M10.17,8.76l2.12-2.12a5,5,0,0,1,7.07,0h0a5,5,0,0,1,0,7.07l-2.12,2.12\" class=\"path\"><\/path><path d=\"M15.83,17.24l-2.12,2.12a5,5,0,0,1-7.07,0h0a5,5,0,0,1,0-7.07l2.12-2.12\" class=\"path\"><\/path><line x1=\"10.17\" y1=\"15.83\" x2=\"15.83\" y2=\"10.17\" class=\"path\"><\/line><\/g><\/svg><\/a><\/div><\/div><\/div><div class=\"post-desc-wrapper bg- has-custom-bg\" style=\"\"><div class=\"post-desc\"><div class=\"post-head\"><div class=\"post-meta clearfix\"><div class=\"author-date\"><span class=\"vcard author post-author\"><span class=\"label\">Published by <\/span><i class=\"icon-user\" aria-label=\"author\"><\/i> <span class=\"fn\"><a href=\"https:\/\/pcconstrucoes.com\/en\/author\/admin_gh0edik2\/\">admin<\/a><\/span><\/span> <span class=\"date\"><span class=\"label\">on <\/span><i class=\"icon-clock\"><\/i> <span class=\"post-date updated\">January 22, 2026<\/span><\/span><\/div><div class=\"category\"><span class=\"cat-btn\">Categories <i class=\"icon-down-dir\" aria-hidden=\"true\"><\/i><\/span><div class=\"cat-wrapper\"><ul class=\"post-categories\">\n\t<li><a href=\"https:\/\/pcconstrucoes.com\/en\/category\/blog\/\" rel=\"category tag\">Blog<\/a><\/li><\/ul><\/div><\/div><\/div><\/div><div class=\"post-title\"><h5 class=\"entry-title\" itemprop=\"headline\"><a href=\"https:\/\/pcconstrucoes.com\/en\/when-its-worth-remodelling-a-house\/\">When is it worth remodelling a house?<\/a><\/h5><\/div><\/div><\/div><\/article><article class=\"post post-item isotope-item clearfix category-1 post-535 type-post status-publish format-standard has-post-thumbnail hentry category-blog\" style=\"\"><div class=\"date_label\">January 22, 2026<\/div><div class=\"image_frame post-photo-wrapper scale-with-grid image\"><div class=\"image_wrapper\"><a href=\"https:\/\/pcconstrucoes.com\/en\/building-remodelling\/\"><div class=\"mask\"><\/div><img loading=\"lazy\" decoding=\"async\" width=\"960\" height=\"780\" src=\"https:\/\/pcconstrucoes.com\/wp-content\/uploads\/2026\/01\/pc_12-960x780.jpg\" class=\"scale-with-grid wp-post-image\" alt=\"\" \/><\/a><div class=\"image_links double\"><a class=\"zoom\"  rel=\"prettyphoto\" href=\"https:\/\/pcconstrucoes.com\/wp-content\/uploads\/2026\/01\/pc_12-1200x800.jpg\"><svg viewbox=\"0 0 26 26\"><defs><style>.path{fill:none;stroke:#333;stroke-miterlimit:10;stroke-width:1.5px;}<\/style><\/defs><circle cx=\"11.35\" cy=\"11.35\" r=\"6\" class=\"path\"><\/circle><line x1=\"15.59\" y1=\"15.59\" x2=\"20.65\" y2=\"20.65\" class=\"path\"><\/line><\/svg><\/a><a class=\"link\"  href=\"https:\/\/pcconstrucoes.com\/en\/building-remodelling\/\"><svg viewbox=\"0 0 26 26\"><defs><style>.path{fill:none;stroke:#333;stroke-miterlimit:10;stroke-width:1.5px;}<\/style><\/defs><g><path d=\"M10.17,8.76l2.12-2.12a5,5,0,0,1,7.07,0h0a5,5,0,0,1,0,7.07l-2.12,2.12\" class=\"path\"><\/path><path d=\"M15.83,17.24l-2.12,2.12a5,5,0,0,1-7.07,0h0a5,5,0,0,1,0-7.07l2.12-2.12\" class=\"path\"><\/path><line x1=\"10.17\" y1=\"15.83\" x2=\"15.83\" y2=\"10.17\" class=\"path\"><\/line><\/g><\/svg><\/a><\/div><\/div><\/div><div class=\"post-desc-wrapper bg- has-custom-bg\" style=\"\"><div class=\"post-desc\"><div class=\"post-head\"><div class=\"post-meta clearfix\"><div class=\"author-date\"><span class=\"vcard author post-author\"><span class=\"label\">Published by <\/span><i class=\"icon-user\" aria-label=\"author\"><\/i> <span class=\"fn\"><a href=\"https:\/\/pcconstrucoes.com\/en\/author\/admin_gh0edik2\/\">admin<\/a><\/span><\/span> <span class=\"date\"><span class=\"label\">on <\/span><i class=\"icon-clock\"><\/i> <span class=\"post-date updated\">January 22, 2026<\/span><\/span><\/div><div class=\"category\"><span class=\"cat-btn\">Categories <i class=\"icon-down-dir\" aria-hidden=\"true\"><\/i><\/span><div class=\"cat-wrapper\"><ul class=\"post-categories\">\n\t<li><a href=\"https:\/\/pcconstrucoes.com\/en\/category\/blog\/\" rel=\"category tag\">Blog<\/a><\/li><\/ul><\/div><\/div><\/div><\/div><div class=\"post-title\"><h5 class=\"entry-title\" itemprop=\"headline\"><a href=\"https:\/\/pcconstrucoes.com\/en\/building-remodelling\/\">Build from scratch or Remodelling<\/a><\/h5><\/div><\/div><\/div><\/article><\/div><\/div>\n<\/div>\n\t\t\t\t<\/div>\n\t\t\t\t<\/div>\n\t\t\t\t\t<\/div>\n\t\t<\/div>\n\t\t\t\t\t<\/div>\n\t\t<\/section>\n\t\t\t\t<\/div>","protected":false},"excerpt":{"rendered":"<p>Blog Janeiro 22, 2026 Published by admin on Janeiro 22, 2026Categories Blog Import\u00e2ncia do Isolamento T\u00e9rmico e Ac\u00fastico Janeiro 22, 2026 Published by admin on Janeiro<span class=\"excerpt-hellip\"> [\u2026]<\/span><\/p>","protected":false},"author":1,"featured_media":0,"parent":0,"menu_order":0,"comment_status":"open","ping_status":"closed","template":"","meta":{"footnotes":""},"class_list":["post-14","page","type-page","status-publish","hentry"],"yoast_head":"<!-- This site is optimized with the Yoast SEO plugin v26.8 - https:\/\/yoast.com\/product\/yoast-seo-wordpress\/ -->\n<title>Blog - PC Constru\u00e7\u00f5es<\/title>\n<meta name=\"description\" content=\"Na PC Constru\u00e7\u00f5es, dedicamo-nos a oferecer solu\u00e7\u00f5es completas nas \u00e1reas de remodela\u00e7\u00e3o, constru\u00e7\u00e3o e manuten\u00e7\u00e3o, com foco na qualidade, transpar\u00eancia e cumprimento rigoroso de prazos. Atuando na regi\u00e3o do Algarve, trabalhamos diariamente para transformar espa\u00e7os, valorizar patrim\u00f3nios e garantir a tranquilidade de quem confia em n\u00f3s \u2014 sejam propriet\u00e1rios particulares, investidores ou administradores de condom\u00ednio.\" \/>\n<meta name=\"robots\" content=\"index, follow, max-snippet:-1, max-image-preview:large, max-video-preview:-1\" \/>\n<link rel=\"canonical\" href=\"https:\/\/pcconstrucoes.com\/en\/blog\/\" \/>\n<meta property=\"og:locale\" content=\"en_GB\" \/>\n<meta property=\"og:type\" content=\"article\" \/>\n<meta property=\"og:title\" content=\"Blog - PC Constru\u00e7\u00f5es\" \/>\n<meta property=\"og:description\" content=\"Na PC Constru\u00e7\u00f5es, dedicamo-nos a oferecer solu\u00e7\u00f5es completas nas \u00e1reas de remodela\u00e7\u00e3o, constru\u00e7\u00e3o e manuten\u00e7\u00e3o, com foco na qualidade, transpar\u00eancia e cumprimento rigoroso de prazos. Atuando na regi\u00e3o do Algarve, trabalhamos diariamente para transformar espa\u00e7os, valorizar patrim\u00f3nios e garantir a tranquilidade de quem confia em n\u00f3s \u2014 sejam propriet\u00e1rios particulares, investidores ou administradores de condom\u00ednio.\" \/>\n<meta property=\"og:url\" content=\"https:\/\/pcconstrucoes.com\/en\/blog\/\" \/>\n<meta property=\"og:site_name\" content=\"PC Constru\u00e7\u00f5es\" \/>\n<meta property=\"article:modified_time\" content=\"2026-01-28T15:01:52+00:00\" \/>\n<meta property=\"og:image\" content=\"https:\/\/pcconstrucoes.com\/wp-content\/uploads\/2026\/01\/blog_3-960x780.jpg\" \/>\n<meta name=\"twitter:card\" content=\"summary_large_image\" \/>\n<meta name=\"twitter:label1\" content=\"Estimated reading time\" \/>\n\t<meta name=\"twitter:data1\" content=\"1 minute\" \/>\n<script type=\"application\/ld+json\" class=\"yoast-schema-graph\">{\"@context\":\"https:\/\/schema.org\",\"@graph\":[{\"@type\":\"WebPage\",\"@id\":\"https:\/\/pcconstrucoes.com\/blog\/\",\"url\":\"https:\/\/pcconstrucoes.com\/blog\/\",\"name\":\"Blog - PC Constru\u00e7\u00f5es\",\"isPartOf\":{\"@id\":\"https:\/\/pcconstrucoes.com\/#website\"},\"primaryImageOfPage\":{\"@id\":\"https:\/\/pcconstrucoes.com\/blog\/#primaryimage\"},\"image\":{\"@id\":\"https:\/\/pcconstrucoes.com\/blog\/#primaryimage\"},\"thumbnailUrl\":\"https:\/\/pcconstrucoes.com\/wp-content\/uploads\/2026\/01\/blog_3-960x780.jpg\",\"datePublished\":\"2022-01-18T22:23:30+00:00\",\"dateModified\":\"2026-01-28T15:01:52+00:00\",\"description\":\"Na PC Constru\u00e7\u00f5es, dedicamo-nos a oferecer solu\u00e7\u00f5es completas nas \u00e1reas de remodela\u00e7\u00e3o, constru\u00e7\u00e3o e manuten\u00e7\u00e3o, com foco na qualidade, transpar\u00eancia e cumprimento rigoroso de prazos. Atuando na regi\u00e3o do Algarve, trabalhamos diariamente para transformar espa\u00e7os, valorizar patrim\u00f3nios e garantir a tranquilidade de quem confia em n\u00f3s \u2014 sejam propriet\u00e1rios particulares, investidores ou administradores de condom\u00ednio.\",\"breadcrumb\":{\"@id\":\"https:\/\/pcconstrucoes.com\/blog\/#breadcrumb\"},\"inLanguage\":\"en-GB\",\"potentialAction\":[{\"@type\":\"ReadAction\",\"target\":[\"https:\/\/pcconstrucoes.com\/blog\/\"]}]},{\"@type\":\"ImageObject\",\"inLanguage\":\"en-GB\",\"@id\":\"https:\/\/pcconstrucoes.com\/blog\/#primaryimage\",\"url\":\"https:\/\/pcconstrucoes.com\/wp-content\/uploads\/2026\/01\/blog_3-960x780.jpg\",\"contentUrl\":\"https:\/\/pcconstrucoes.com\/wp-content\/uploads\/2026\/01\/blog_3-960x780.jpg\"},{\"@type\":\"BreadcrumbList\",\"@id\":\"https:\/\/pcconstrucoes.com\/blog\/#breadcrumb\",\"itemListElement\":[{\"@type\":\"ListItem\",\"position\":1,\"name\":\"In\u00edcio\",\"item\":\"https:\/\/pcconstrucoes.com\/\"},{\"@type\":\"ListItem\",\"position\":2,\"name\":\"Blog\"}]},{\"@type\":\"WebSite\",\"@id\":\"https:\/\/pcconstrucoes.com\/#website\",\"url\":\"https:\/\/pcconstrucoes.com\/\",\"name\":\"PC Constru\u00e7\u00f5es\",\"description\":\"\",\"publisher\":{\"@id\":\"https:\/\/pcconstrucoes.com\/#organization\"},\"potentialAction\":[{\"@type\":\"SearchAction\",\"target\":{\"@type\":\"EntryPoint\",\"urlTemplate\":\"https:\/\/pcconstrucoes.com\/?s={search_term_string}\"},\"query-input\":{\"@type\":\"PropertyValueSpecification\",\"valueRequired\":true,\"valueName\":\"search_term_string\"}}],\"inLanguage\":\"en-GB\"},{\"@type\":\"Organization\",\"@id\":\"https:\/\/pcconstrucoes.com\/#organization\",\"name\":\"PC Constru\u00e7\u00f5es\",\"url\":\"https:\/\/pcconstrucoes.com\/\",\"logo\":{\"@type\":\"ImageObject\",\"inLanguage\":\"en-GB\",\"@id\":\"https:\/\/pcconstrucoes.com\/#\/schema\/logo\/image\/\",\"url\":\"https:\/\/pcconstrucoes.com\/wp-content\/uploads\/2026\/01\/pcconstrucoes-logo.png\",\"contentUrl\":\"https:\/\/pcconstrucoes.com\/wp-content\/uploads\/2026\/01\/pcconstrucoes-logo.png\",\"width\":1080,\"height\":1080,\"caption\":\"PC Constru\u00e7\u00f5es\"},\"image\":{\"@id\":\"https:\/\/pcconstrucoes.com\/#\/schema\/logo\/image\/\"}}]}<\/script>\n<!-- \/ Yoast SEO plugin. -->","yoast_head_json":{"title":"Blog - PC Constru\u00e7\u00f5es","description":"At PC Constru\u00e7\u00f5es, we are dedicated to offering complete solutions in the areas of remodelling, construction and maintenance, with a focus on quality, transparency and strict compliance with deadlines. Operating in the Algarve region, we work daily to transform spaces, enhance assets and guarantee peace of mind for those who trust us - whether they are private homeowners, investors or condominium managers.","robots":{"index":"index","follow":"follow","max-snippet":"max-snippet:-1","max-image-preview":"max-image-preview:large","max-video-preview":"max-video-preview:-1"},"canonical":"https:\/\/pcconstrucoes.com\/en\/blog\/","og_locale":"en_GB","og_type":"article","og_title":"Blog - PC Constru\u00e7\u00f5es","og_description":"Na PC Constru\u00e7\u00f5es, dedicamo-nos a oferecer solu\u00e7\u00f5es completas nas \u00e1reas de remodela\u00e7\u00e3o, constru\u00e7\u00e3o e manuten\u00e7\u00e3o, com foco na qualidade, transpar\u00eancia e cumprimento rigoroso de prazos. Atuando na regi\u00e3o do Algarve, trabalhamos diariamente para transformar espa\u00e7os, valorizar patrim\u00f3nios e garantir a tranquilidade de quem confia em n\u00f3s \u2014 sejam propriet\u00e1rios particulares, investidores ou administradores de condom\u00ednio.","og_url":"https:\/\/pcconstrucoes.com\/en\/blog\/","og_site_name":"PC Constru\u00e7\u00f5es","article_modified_time":"2026-01-28T15:01:52+00:00","og_image":[{"url":"https:\/\/pcconstrucoes.com\/wp-content\/uploads\/2026\/01\/blog_3-960x780.jpg","type":"","width":"","height":""}],"twitter_card":"summary_large_image","twitter_misc":{"Estimated reading time":"1 minute"},"schema":{"@context":"https:\/\/schema.org","@graph":[{"@type":"WebPage","@id":"https:\/\/pcconstrucoes.com\/blog\/","url":"https:\/\/pcconstrucoes.com\/blog\/","name":"Blog - PC Constru\u00e7\u00f5es","isPartOf":{"@id":"https:\/\/pcconstrucoes.com\/#website"},"primaryImageOfPage":{"@id":"https:\/\/pcconstrucoes.com\/blog\/#primaryimage"},"image":{"@id":"https:\/\/pcconstrucoes.com\/blog\/#primaryimage"},"thumbnailUrl":"https:\/\/pcconstrucoes.com\/wp-content\/uploads\/2026\/01\/blog_3-960x780.jpg","datePublished":"2022-01-18T22:23:30+00:00","dateModified":"2026-01-28T15:01:52+00:00","description":"At PC Constru\u00e7\u00f5es, we are dedicated to offering complete solutions in the areas of remodelling, construction and maintenance, with a focus on quality, transparency and strict compliance with deadlines. Operating in the Algarve region, we work daily to transform spaces, enhance assets and guarantee peace of mind for those who trust us - whether they are private homeowners, investors or condominium managers.","breadcrumb":{"@id":"https:\/\/pcconstrucoes.com\/blog\/#breadcrumb"},"inLanguage":"en-GB","potentialAction":[{"@type":"ReadAction","target":["https:\/\/pcconstrucoes.com\/blog\/"]}]},{"@type":"ImageObject","inLanguage":"en-GB","@id":"https:\/\/pcconstrucoes.com\/blog\/#primaryimage","url":"https:\/\/pcconstrucoes.com\/wp-content\/uploads\/2026\/01\/blog_3-960x780.jpg","contentUrl":"https:\/\/pcconstrucoes.com\/wp-content\/uploads\/2026\/01\/blog_3-960x780.jpg"},{"@type":"BreadcrumbList","@id":"https:\/\/pcconstrucoes.com\/blog\/#breadcrumb","itemListElement":[{"@type":"ListItem","position":1,"name":"In\u00edcio","item":"https:\/\/pcconstrucoes.com\/"},{"@type":"ListItem","position":2,"name":"Blog"}]},{"@type":"WebSite","@id":"https:\/\/pcconstrucoes.com\/#website","url":"https:\/\/pcconstrucoes.com\/","name":"PC Construction","description":"","publisher":{"@id":"https:\/\/pcconstrucoes.com\/#organization"},"potentialAction":[{"@type":"SearchAction","target":{"@type":"EntryPoint","urlTemplate":"https:\/\/pcconstrucoes.com\/?s={search_term_string}"},"query-input":{"@type":"PropertyValueSpecification","valueRequired":true,"valueName":"search_term_string"}}],"inLanguage":"en-GB"},{"@type":"Organization","@id":"https:\/\/pcconstrucoes.com\/#organization","name":"PC Construction","url":"https:\/\/pcconstrucoes.com\/","logo":{"@type":"ImageObject","inLanguage":"en-GB","@id":"https:\/\/pcconstrucoes.com\/#\/schema\/logo\/image\/","url":"https:\/\/pcconstrucoes.com\/wp-content\/uploads\/2026\/01\/pcconstrucoes-logo.png","contentUrl":"https:\/\/pcconstrucoes.com\/wp-content\/uploads\/2026\/01\/pcconstrucoes-logo.png","width":1080,"height":1080,"caption":"PC Constru\u00e7\u00f5es"},"image":{"@id":"https:\/\/pcconstrucoes.com\/#\/schema\/logo\/image\/"}}]}},"_links":{"self":[{"href":"https:\/\/pcconstrucoes.com\/en\/wp-json\/wp\/v2\/pages\/14","targetHints":{"allow":["GET"]}}],"collection":[{"href":"https:\/\/pcconstrucoes.com\/en\/wp-json\/wp\/v2\/pages"}],"about":[{"href":"https:\/\/pcconstrucoes.com\/en\/wp-json\/wp\/v2\/types\/page"}],"author":[{"embeddable":true,"href":"https:\/\/pcconstrucoes.com\/en\/wp-json\/wp\/v2\/users\/1"}],"replies":[{"embeddable":true,"href":"https:\/\/pcconstrucoes.com\/en\/wp-json\/wp\/v2\/comments?post=14"}],"version-history":[{"count":10,"href":"https:\/\/pcconstrucoes.com\/en\/wp-json\/wp\/v2\/pages\/14\/revisions"}],"predecessor-version":[{"id":805,"href":"https:\/\/pcconstrucoes.com\/en\/wp-json\/wp\/v2\/pages\/14\/revisions\/805"}],"wp:attachment":[{"href":"https:\/\/pcconstrucoes.com\/en\/wp-json\/wp\/v2\/media?parent=14"}],"curies":[{"name":"wp","href":"https:\/\/api.w.org\/{rel}","templated":true}]}}